{"id":5,"date":"2021-10-28T13:52:22","date_gmt":"2021-10-28T11:52:22","guid":{"rendered":"http:\/\/www.debouchage-sanibroyeur.com\/?page_id=5"},"modified":"2022-05-27T17:09:52","modified_gmt":"2022-05-27T15:09:52","slug":"debouchage-sanibroyeur-paris","status":"publish","type":"page","link":"https:\/\/www.debouchage-sanibroyeur.com\/","title":{"rendered":"D\u00c9BOUCHAGE SANIBROYEUR PARIS"},"content":{"rendered":"\n<h2><strong>UN PROFESSIONNEL SUR PARIS POUR D\u00c9BOUCHER LES WC BROYEUR<\/strong><\/h2>\n\n\n\n<p>Les toilettes WC peuvent se boucher de temps en temps, mais dans la plupart des cas, ils &nbsp;sont du a l\u2019inobservance de certaines consignes concernant les broyeurs WC ou sanibroyeurs.<\/p>\n\n\n\n<p>N\u2019essayer pas de d\u00e9bloquer votre broyeur par un quelconque produit chimique de type d\u00e9boucheur ou javel\u2026<\/p>\n\n\n\n<p>Le d\u00e9bouchage du sanibroyeur par un plombier sur Paris n\u00e9cessite dans tous les cas un sp\u00e9cialiste qui devra d\u00e9monter int\u00e9gralement les sanibroyeur.<\/p>\n\n\n\n<p>En suivant scrupuleusement les instructions du fabricant du broyeur, nous pouvons&nbsp;<a href=\"https:\/\/www.sani-broyeur.com\/\">d\u00e9boucher le sanibroyeur<\/a>&nbsp;de mani\u00e8re correcte et sans danger.<\/p>\n\n\n\n<p>Lorsque le blocage a \u00e9t\u00e9 \u00e9limin\u00e9, il est pr\u00e9f\u00e9rable de d\u00e9sinfecter&nbsp;tous les \u00e9quipements utilis\u00e9s avec un d\u00e9sinfectant domestique.<\/p>\n\n\n\n<p>Le remontage du broyeur compact WC doit se faire en douceur et sans forcer sur les visseries ou les boulons, sinon on risque de casser certaines pi\u00e8ces et nuire \u00e0 l\u2019\u00e9tanch\u00e9it\u00e9 du circuit de vidange broyeur.<\/p>\n\n\n\n<figure class=\"wp-block-image size-large\"><img loading=\"lazy\" width=\"1024\" height=\"870\" src=\"https:\/\/www.debouchage-sanibroyeur.com\/wp-content\/uploads\/2022\/05\/bryeur-compact-wc-1024x870.jpg\" alt=\"d\u00e9bouchage sanibroyeur paris\" class=\"wp-image-12\" srcset=\"https:\/\/www.debouchage-sanibroyeur.com\/wp-content\/uploads\/2022\/05\/bryeur-compact-wc-1024x870.jpg 1024w, https:\/\/www.debouchage-sanibroyeur.com\/wp-content\/uploads\/2022\/05\/bryeur-compact-wc-300x255.jpg 300w, https:\/\/www.debouchage-sanibroyeur.com\/wp-content\/uploads\/2022\/05\/bryeur-compact-wc-768x653.jpg 768w, https:\/\/www.debouchage-sanibroyeur.com\/wp-content\/uploads\/2022\/05\/bryeur-compact-wc-1536x1306.jpg 1536w, https:\/\/www.debouchage-sanibroyeur.com\/wp-content\/uploads\/2022\/05\/bryeur-compact-wc-2048x1741.jpg 2048w, https:\/\/www.debouchage-sanibroyeur.com\/wp-content\/uploads\/2022\/05\/bryeur-compact-wc-1200x1020.jpg 1200w, https:\/\/www.debouchage-sanibroyeur.com\/wp-content\/uploads\/2022\/05\/bryeur-compact-wc-1980x1683.jpg 1980w\" sizes=\"(max-width: 1024px) 100vw, 1024px\" \/><figcaption>D\u00e9bouchage sanibroyeur paris<\/figcaption><\/figure>\n\n\n\n<p>wc broyeur suspendu silencieux<br>sanibroyeur sfa pro x10<\/p>\n\n\n\n<p>prix sanibroyeur sfa compact<br> probleme bruit<br>sanibroyeur sfa moins cher<br>x2 silence kopen<br>acheter sanibroyeur sfa pas cher<br>sanibroyeur plus sfa pas cher<br>probl\u00e8me aspiration<br>sanibroyeur sfa compact leader<br>sanibroyeur sfa pro<br>bouch\u00e9 papier toilette<br>bouche eau bouillante vinaigre<br>sfa castoramasanibroyeur probleme evacuation<br>pro sfa notice<br>sanibroyeur prix installation<br>sanibroyeur sfa 43 prix<br>wc broyeur suspendu prix<br>sanibroyeur compact sfa<br>sanibroyeur sfa silence plus<\/p>\n\n\n\n<h2>D\u00e9boucher wc broyeur compact ou de r\u00e9novation<\/h2>\n\n\n\n<p>Que ce soit un broyeur de r\u00e9novation ou un broyeur compact , le technicien d\u00e9boucheur sanibroyeur saura le faire.<\/p>\n\n\n\n<p>Un d\u00e9montage est le plus souvent n\u00e9cessaire pour r\u00e9ussir a r\u00e9tablir la puissance d&rsquo;\u00e9vacuation initiale du broyeur.<\/p>\n\n\n\n<p>Toutefois, il est important aussi de v\u00e9rifier si la canalisation n&rsquo;est pas un peu encombr\u00e9e.<\/p>\n\n\n\n<figure class=\"wp-block-image size-full\"><img loading=\"lazy\" width=\"739\" height=\"735\" src=\"https:\/\/www.debouchage-sanibroyeur.com\/wp-content\/uploads\/2022\/05\/debloquer-toilette.jpg\" alt=\"\" class=\"wp-image-16\" srcset=\"https:\/\/www.debouchage-sanibroyeur.com\/wp-content\/uploads\/2022\/05\/debloquer-toilette.jpg 739w, https:\/\/www.debouchage-sanibroyeur.com\/wp-content\/uploads\/2022\/05\/debloquer-toilette-300x298.jpg 300w, https:\/\/www.debouchage-sanibroyeur.com\/wp-content\/uploads\/2022\/05\/debloquer-toilette-150x150.jpg 150w\" sizes=\"(max-width: 739px) 100vw, 739px\" \/><figcaption>panne broyeur wc<\/figcaption><\/figure>\n\n\n\n<p><\/p>\n\n\n\n<p><br>sanibroyeur sfa compact luxe<br>sanibroyeur sfa pro prix<br>wc suspendu sanibroyeur int\u00e9gr\u00e9<br>sanibroyeur sfa promo<br>traduire sanibroyeur en anglais<br>sanibroyeur en anglais<br>sanibroyeur wc sch\u00e9ma de fonctionnement<br>sanibroyeur sfa compact 43 leroy merlin<br>sanibroyeur fonctionnement vanne<br>sanibroyeurs castorama<br>sanibroyeur sfa compact 43<br>sanibroyeur probleme d\u2019odeur<br>prix d\u2019un sanibroyeur watermatic<br>sanibroyeur sfa pieces detachees<br>sanibroyeur autorisation copropri\u00e9t\u00e9<br>sanibroyeur suspendu silencieux<br>prix sanibroyeur professionnel<br>sanibroyeur sfa produits d\u2019entretien<br>sanibroyeur sfa compact pro<br>sanibroyeur sfa compact 545<br>sani-broyeur professionnel<br>sanybroyeur sfa prix<br>sanibroyeur pro silence sfa<br>prix sanibroyeur sfa plus silence<\/p>\n\n\n\n<p>Dans tous les cas le <a href=\"https:\/\/www.artisanat-services.com\/blog\/depannage-sanibroyeur-paris\/\">Tarif d\u00e9bouchage de sanibroyeur<\/a> nest pas le m\u00eame qu&rsquo;un toilette classique; il est n\u00e9cessaire le plus souvent des cas de d\u00e9monter compl\u00e8tement le broyeur WC donc le prix est plus cher.<\/p>\n\n\n\n<p>Un plombier classique refusera de faire une intervention sur un toilette \u00e9lectrique et dans le meilleur des cas il sous-traitera l&rsquo;intervention .<\/p>\n\n\n\n<p>cela qui ferra qu&rsquo;augmenter le prix de l&rsquo;intervention; <\/p>\n\n\n\n<p>Faites donc appel directement \u00e0 un vraie sp\u00e9cialiste.<\/p>\n\n\n\n<p><br>tarif d&rsquo;un sanicompactbroyeur sfa compact elite<br>sanibroyeur bouch\u00e9 destop<br>sanibroyeur suspendu<br>wc broyeur suspendu geberit<br>sanibroyeur sfa pro silence prix<br>broyeur fonctionnement<br>prix sanibroyeur sfa compact 43<br>prix discount<br>sanibroyeur probleme electrique<br>prix sani-broyeur sfa pro<br>broyeur suspendu prix<br>prix sanibroyeur sfa 545<br>sanibroyeur sfa pro xr<br>wc sanibroyeur sfa pas cher<br>renovation broyeur pro sfa prix<br>broyeur compact pro silence sfa prix<br>sanibroyeur sfa entretien<br>sanibroyeur bouch\u00e9 tampon<br>pro xr silence sfa<br>sanibroyeur bouch\u00e9 que faire<\/p>\n","protected":false},"excerpt":{"rendered":"<p>UN PROFESSIONNEL SUR PARIS POUR D\u00c9BOUCHER LES WC BROYEUR Les toilettes WC peuvent se boucher de temps en temps, mais dans la plupart des cas, ils &nbsp;sont du a l\u2019inobservance de certaines consignes concernant les broyeurs WC ou sanibroyeurs. N\u2019essayer pas de d\u00e9bloquer votre broyeur par un quelconque produit chimique de type d\u00e9boucheur ou javel\u2026 [&hellip;]<\/p>\n","protected":false},"author":1,"featured_media":0,"parent":0,"menu_order":0,"comment_status":"closed","ping_status":"closed","template":"","meta":[],"yoast_head":"<!-- This site is optimized with the Yoast SEO plugin v18.9 - https:\/\/yoast.com\/wordpress\/plugins\/seo\/ -->\n<title>D\u00c9BOUCHAGE SANIBROYEUR PARIS - WordPress<\/title>\n<meta name=\"description\" content=\"D\u00e9bouchage sanibroyeur toutes marques et tout mod\u00e8les blocage tampon lingettes papiers toilettes disponible urgence\" \/>\n<meta name=\"robots\" content=\"index, follow, max-snippet:-1, max-image-preview:large, max-video-preview:-1\" \/>\n<link rel=\"canonical\" href=\"https:\/\/www.debouchage-sanibroyeur.com\/\" \/>\n<meta property=\"og:locale\" content=\"fr_FR\" \/>\n<meta property=\"og:type\" content=\"article\" \/>\n<meta property=\"og:title\" content=\"D\u00c9BOUCHAGE SANIBROYEUR PARIS - WordPress\" \/>\n<meta property=\"og:description\" content=\"D\u00e9bouchage sanibroyeur toutes marques et tout mod\u00e8les blocage tampon lingettes papiers toilettes disponible urgence\" \/>\n<meta property=\"og:url\" content=\"https:\/\/www.debouchage-sanibroyeur.com\/\" \/>\n<meta property=\"og:site_name\" content=\"WordPress\" \/>\n<meta property=\"article:modified_time\" content=\"2022-05-27T15:09:52+00:00\" \/>\n<meta property=\"og:image\" content=\"http:\/\/www.debouchage-sanibroyeur.com\/wp-content\/uploads\/2022\/05\/bryeur-compact-wc-1024x870.jpg\" \/>\n<meta name=\"twitter:card\" content=\"summary_large_image\" \/>\n<meta name=\"twitter:label1\" content=\"Dur\u00e9e de lecture estim\u00e9e\" \/>\n\t<meta name=\"twitter:data1\" content=\"4 minutes\" \/>\n<script type=\"application\/ld+json\" class=\"yoast-schema-graph\">{\"@context\":\"https:\/\/schema.org\",\"@graph\":[{\"@type\":\"WebSite\",\"@id\":\"https:\/\/www.debouchage-sanibroyeur.com\/#website\",\"url\":\"https:\/\/www.debouchage-sanibroyeur.com\/\",\"name\":\"WordPress\",\"description\":\"Un site utilisant WordPress\",\"potentialAction\":[{\"@type\":\"SearchAction\",\"target\":{\"@type\":\"EntryPoint\",\"urlTemplate\":\"https:\/\/www.debouchage-sanibroyeur.com\/?s={search_term_string}\"},\"query-input\":\"required name=search_term_string\"}],\"inLanguage\":\"fr-FR\"},{\"@type\":\"ImageObject\",\"inLanguage\":\"fr-FR\",\"@id\":\"https:\/\/www.debouchage-sanibroyeur.com\/#primaryimage\",\"url\":\"http:\/\/www.debouchage-sanibroyeur.com\/wp-content\/uploads\/2022\/05\/bryeur-compact-wc-1024x870.jpg\",\"contentUrl\":\"http:\/\/www.debouchage-sanibroyeur.com\/wp-content\/uploads\/2022\/05\/bryeur-compact-wc-1024x870.jpg\"},{\"@type\":\"WebPage\",\"@id\":\"https:\/\/www.debouchage-sanibroyeur.com\/#webpage\",\"url\":\"https:\/\/www.debouchage-sanibroyeur.com\/\",\"name\":\"D\u00c9BOUCHAGE SANIBROYEUR PARIS - WordPress\",\"isPartOf\":{\"@id\":\"https:\/\/www.debouchage-sanibroyeur.com\/#website\"},\"primaryImageOfPage\":{\"@id\":\"https:\/\/www.debouchage-sanibroyeur.com\/#primaryimage\"},\"datePublished\":\"2021-10-28T11:52:22+00:00\",\"dateModified\":\"2022-05-27T15:09:52+00:00\",\"description\":\"D\u00e9bouchage sanibroyeur toutes marques et tout mod\u00e8les blocage tampon lingettes papiers toilettes disponible urgence\",\"breadcrumb\":{\"@id\":\"https:\/\/www.debouchage-sanibroyeur.com\/#breadcrumb\"},\"inLanguage\":\"fr-FR\",\"potentialAction\":[{\"@type\":\"ReadAction\",\"target\":[\"https:\/\/www.debouchage-sanibroyeur.com\/\"]}]},{\"@type\":\"BreadcrumbList\",\"@id\":\"https:\/\/www.debouchage-sanibroyeur.com\/#breadcrumb\",\"itemListElement\":[{\"@type\":\"ListItem\",\"position\":1,\"name\":\"Accueil\",\"item\":\"https:\/\/www.debouchage-sanibroyeur.com\/\"},{\"@type\":\"ListItem\",\"position\":2,\"name\":\"D\u00c9BOUCHAGE SANIBROYEUR PARIS\"}]}]}<\/script>\n<!-- \/ Yoast SEO plugin. -->","yoast_head_json":{"title":"D\u00c9BOUCHAGE SANIBROYEUR PARIS - WordPress","description":"D\u00e9bouchage sanibroyeur toutes marques et tout mod\u00e8les blocage tampon lingettes papiers toilettes disponible urgence","robots":{"index":"index","follow":"follow","max-snippet":"max-snippet:-1","max-image-preview":"max-image-preview:large","max-video-preview":"max-video-preview:-1"},"canonical":"https:\/\/www.debouchage-sanibroyeur.com\/","og_locale":"fr_FR","og_type":"article","og_title":"D\u00c9BOUCHAGE SANIBROYEUR PARIS - WordPress","og_description":"D\u00e9bouchage sanibroyeur toutes marques et tout mod\u00e8les blocage tampon lingettes papiers toilettes disponible urgence","og_url":"https:\/\/www.debouchage-sanibroyeur.com\/","og_site_name":"WordPress","article_modified_time":"2022-05-27T15:09:52+00:00","og_image":[{"url":"http:\/\/www.debouchage-sanibroyeur.com\/wp-content\/uploads\/2022\/05\/bryeur-compact-wc-1024x870.jpg"}],"twitter_card":"summary_large_image","twitter_misc":{"Dur\u00e9e de lecture estim\u00e9e":"4 minutes"},"schema":{"@context":"https:\/\/schema.org","@graph":[{"@type":"WebSite","@id":"https:\/\/www.debouchage-sanibroyeur.com\/#website","url":"https:\/\/www.debouchage-sanibroyeur.com\/","name":"WordPress","description":"Un site utilisant WordPress","potentialAction":[{"@type":"SearchAction","target":{"@type":"EntryPoint","urlTemplate":"https:\/\/www.debouchage-sanibroyeur.com\/?s={search_term_string}"},"query-input":"required name=search_term_string"}],"inLanguage":"fr-FR"},{"@type":"ImageObject","inLanguage":"fr-FR","@id":"https:\/\/www.debouchage-sanibroyeur.com\/#primaryimage","url":"http:\/\/www.debouchage-sanibroyeur.com\/wp-content\/uploads\/2022\/05\/bryeur-compact-wc-1024x870.jpg","contentUrl":"http:\/\/www.debouchage-sanibroyeur.com\/wp-content\/uploads\/2022\/05\/bryeur-compact-wc-1024x870.jpg"},{"@type":"WebPage","@id":"https:\/\/www.debouchage-sanibroyeur.com\/#webpage","url":"https:\/\/www.debouchage-sanibroyeur.com\/","name":"D\u00c9BOUCHAGE SANIBROYEUR PARIS - WordPress","isPartOf":{"@id":"https:\/\/www.debouchage-sanibroyeur.com\/#website"},"primaryImageOfPage":{"@id":"https:\/\/www.debouchage-sanibroyeur.com\/#primaryimage"},"datePublished":"2021-10-28T11:52:22+00:00","dateModified":"2022-05-27T15:09:52+00:00","description":"D\u00e9bouchage sanibroyeur toutes marques et tout mod\u00e8les blocage tampon lingettes papiers toilettes disponible urgence","breadcrumb":{"@id":"https:\/\/www.debouchage-sanibroyeur.com\/#breadcrumb"},"inLanguage":"fr-FR","potentialAction":[{"@type":"ReadAction","target":["https:\/\/www.debouchage-sanibroyeur.com\/"]}]},{"@type":"BreadcrumbList","@id":"https:\/\/www.debouchage-sanibroyeur.com\/#breadcrumb","itemListElement":[{"@type":"ListItem","position":1,"name":"Accueil","item":"https:\/\/www.debouchage-sanibroyeur.com\/"},{"@type":"ListItem","position":2,"name":"D\u00c9BOUCHAGE SANIBROYEUR PARIS"}]}]}},"_links":{"self":[{"href":"https:\/\/www.debouchage-sanibroyeur.com\/index.php\/wp-json\/wp\/v2\/pages\/5"}],"collection":[{"href":"https:\/\/www.debouchage-sanibroyeur.com\/index.php\/wp-json\/wp\/v2\/pages"}],"about":[{"href":"https:\/\/www.debouchage-sanibroyeur.com\/index.php\/wp-json\/wp\/v2\/types\/page"}],"author":[{"embeddable":true,"href":"https:\/\/www.debouchage-sanibroyeur.com\/index.php\/wp-json\/wp\/v2\/users\/1"}],"replies":[{"embeddable":true,"href":"https:\/\/www.debouchage-sanibroyeur.com\/index.php\/wp-json\/wp\/v2\/comments?post=5"}],"version-history":[{"count":10,"href":"https:\/\/www.debouchage-sanibroyeur.com\/index.php\/wp-json\/wp\/v2\/pages\/5\/revisions"}],"predecessor-version":[{"id":29,"href":"https:\/\/www.debouchage-sanibroyeur.com\/index.php\/wp-json\/wp\/v2\/pages\/5\/revisions\/29"}],"wp:attachment":[{"href":"https:\/\/www.debouchage-sanibroyeur.com\/index.php\/wp-json\/wp\/v2\/media?parent=5"}],"curies":[{"name":"wp","href":"https:\/\/api.w.org\/{rel}","templated":true}]}}